{"id":101,"date":"2020-05-27T06:18:56","date_gmt":"2020-05-27T06:18:56","guid":{"rendered":"http:\/\/new.kijow.pan.pl\/?page_id=101"},"modified":"2020-05-27T06:29:43","modified_gmt":"2020-05-27T06:29:43","slug":"wspolpraca-miedzynarodowa-pan","status":"publish","type":"page","link":"https:\/\/kijow.pan.pl\/?page_id=101","title":{"rendered":"Wsp\u00f3\u0142praca mi\u0119dzynarodowa Polskiej Akademii Nauk"},"content":{"rendered":"\n<p><strong>WSP\u00d3\u0141PRACA MI\u0118DZYNARODOWA W LICZBACH:<\/strong><\/p>\n\n\n\n<ul><li>dofinansowanie koszt\u00f3w mobilno\u015bci ponad 900 naukowc\u00f3w rocznie<\/li><li>reprezentowanie polskiej spo\u0142eczno\u015bci badawczej w ponad 68 organizacjach mi\u0119dzynarodowych<\/li><li>79 um\u00f3w dwustronnych z partnerami z 44 kraj\u00f3w<\/li><li>dofinansowanie oko\u0142o 30 konferencji mi\u0119dzynarodowych organizowanych w kraju rocznie<\/li><li>12 stypendyst\u00f3w Instytutu Studi\u00f3w Zaawansowanych rocznie<\/li><\/ul>\n\n\n\n<p><strong>WSP\u00d3\u0141PRACA&nbsp;BILATERALNA<\/strong><\/p>\n\n\n\n<p>Wsp\u00f3\u0142praca dwustronna z narodowymi akademiami nauk i innymi jednostkami r\u00f3wnowa\u017cnymi realizowana jest na podstawie ponad 79 um\u00f3w zawartych z partnerami z 44 kraj\u00f3w. Zakres dzia\u0142ania realizowany we wsp\u00f3\u0142pracy bilateralnej obejmuje wymian\u0119 osobow\u0105 w formie wsp\u00f3lnych projekt\u00f3w (2 lub 3-letnich) lub w formie pojedynczych wizyt.<\/p>\n\n\n\n<p>Wyjazdy za granic\u0119 w ramach wsp\u00f3\u0142pracy z wymienionymi w tabeli zagranicznymi partnerami PAN odbywaj\u0105 si\u0119 najcz\u0119\u015bciej w ramach przyznanych limit\u00f3w wymiany osobowej oraz na podstawie zaakceptowanej przez partnera nominacji wyje\u017cd\u017caj\u0105cego naukowca.<\/p>\n\n\n\n<p><strong>ORGANIZACJE&nbsp;MI\u0118DZYNARODOWE<\/strong><\/p>\n\n\n\n<p>Polska Akademia Nauk koordynuje wsp\u00f3\u0142prac\u0119 polskiego \u015brodowiska naukowego z mi\u0119dzynarodowymi organizacjami naukowymi. Wsp\u00f3\u0142praca ta odbywa si\u0119 za po\u015brednictwem powo\u0142anych przez Prezydium PAN Komitet\u00f3w narodowych lub Komitet\u00f3w Naukowych Akademii.<\/p>\n\n\n\n<p>Pe\u0142na lista sieci badawczych i organizacji mi\u0119dzynarodowych kt\u00f3rych Akademia jest cz\u0142onkiem znajduje si\u0119&nbsp;<a href=\"https:\/\/instytucja.pan.pl\/index.php\/organizacje-miedzynarodowe\">na stronie PAN<\/a>.<\/p>\n\n\n\n<p><strong>STACJE&nbsp;NAUKOWE&nbsp;POLSKIEJ&nbsp;AKADEMII&nbsp;NAUK&nbsp;ZA&nbsp;GRANIC\u0104<\/strong><\/p>\n\n\n\n<p>Stacje naukowe PAN w Pary\u017cu, Rzymie, Wiedniu, przedstawicielstwo w Kijowie oraz Centrum Bada\u0144 Historycznych w Berlinie i Biuro Promocji Nauki PolSCA w Brukseli prowadz\u0105 szereg dzia\u0142a\u0144 promuj\u0105cych osi\u0105gni\u0119cia polskiej nauki za granic\u0105. Ich celem jest przede wszystkim promowanie osi\u0105gni\u0119\u0107 polskich badaczy, nawi\u0105zywanie kontakt\u00f3w z zagranicznymi partnerami oraz u\u0142atwianie wsp\u00f3\u0142pracy akademickiej.<\/p>\n\n\n\n<p><strong>MI\u0118DZYNARODOWE&nbsp;INSTYTUTY&nbsp;BADAWCZE&nbsp;POLSKIEJ&nbsp;AKADEMII&nbsp;NAUK<\/strong><\/p>\n\n\n\n<p>Polska Akademia Nauk zainicjowa\u0142a za\u0142o\u017cenie mi\u0119dzynarodowych instytucji badawczych w Polsce, zaanga\u017cowanych w&nbsp; proces podnoszenia kwalifikacji polskich i zagranicznych uczonych i badaczy. Instytucje te to m.in.&nbsp;Mi\u0119dzynarodowe Centrum Matematyczne im. Stefana Banacha,&nbsp;Mi\u0119dzynarodowe Centrum Biocybernetyki,&nbsp;Mi\u0119dzynarodowe Centrum Ekologii&nbsp;oraz wspierany przez UNESCO&nbsp;Mi\u0119dzynarodowy Instytut Biologii Molekularnej i Kom\u00f3rkowej.<\/p>\n\n\n\n<p>Wi\u0119cej informacji&nbsp;<a href=\"https:\/\/instytucja.pan.pl\/index.php\/miedzynarodowe-instytuty-badawcze-polskiej-akademii-nauk\">na stronie.<\/a><\/p>\n\n\n\n<p><strong>POLSKI INSTYTUT STUDI\u00d3W ZAAWANSOWANYCH (PIASt)<\/strong><\/p>\n\n\n\n<p>Polski Instytut Studi\u00f3w Zaawansowanych (PIASt) rozpocz\u0105\u0142 dzia\u0142alno\u015b\u0107 w strukturach Polskiej Akademii Nauk 2 stycznia 2017 r. Instytut za cel stawia sobie wspieranie rozwoju wiedzy i innowacji oraz promocj\u0119 post\u0119pu naukowego w Polsce. Instytut skoncentruje si\u0119 w szczeg\u00f3lno\u015bci na realizacji r\u00f3\u017cnorodnych projekt\u00f3w z zakresu nauk humanistycznych i spo\u0142ecznych, pozostaj\u0105c jednocze\u015bnie otwartym na realizacj\u0119 projekt\u00f3w przekrojowych w uj\u0119ciu interdyscyplinarnym, tworz\u0105c tym samym interdyscyplinarn\u0105 i mi\u0119dzynarodow\u0105 platform\u0119 wsp\u00f3\u0142pracy naukowej dla tych dyscyplin.<\/p>\n","protected":false},"excerpt":{"rendered":"<p>WSP\u00d3\u0141PRACA MI\u0118DZYNARODOWA W LICZBACH: dofinansowanie koszt\u00f3w mobilno\u015bci ponad 900 naukowc\u00f3w rocznie reprezentowanie polskiej spo\u0142eczno\u015bci badawczej w ponad 68 organizacjach mi\u0119dzynarodowych 79 um\u00f3w dwustronnych z partnerami z 44 kraj\u00f3w dofinansowanie oko\u0142o &#8230;<\/p>\n","protected":false},"author":2,"featured_media":0,"parent":0,"menu_order":0,"comment_status":"closed","ping_status":"closed","template":"","meta":[],"_links":{"self":[{"href":"https:\/\/kijow.pan.pl\/index.php?rest_route=\/wp\/v2\/pages\/101"}],"collection":[{"href":"https:\/\/kijow.pan.pl\/index.php?rest_route=\/wp\/v2\/pages"}],"about":[{"href":"https:\/\/kijow.pan.pl\/index.php?rest_route=\/wp\/v2\/types\/page"}],"author":[{"embeddable":true,"href":"https:\/\/kijow.pan.pl\/index.php?rest_route=\/wp\/v2\/users\/2"}],"replies":[{"embeddable":true,"href":"https:\/\/kijow.pan.pl\/index.php?rest_route=%2Fwp%2Fv2%2Fcomments&post=101"}],"version-history":[{"count":2,"href":"https:\/\/kijow.pan.pl\/index.php?rest_route=\/wp\/v2\/pages\/101\/revisions"}],"predecessor-version":[{"id":121,"href":"https:\/\/kijow.pan.pl\/index.php?rest_route=\/wp\/v2\/pages\/101\/revisions\/121"}],"wp:attachment":[{"href":"https:\/\/kijow.pan.pl\/index.php?rest_route=%2Fwp%2Fv2%2Fmedia&parent=101"}],"curies":[{"name":"wp","href":"https:\/\/api.w.org\/{rel}","templated":true}]}}