{"id":1024,"date":"2022-01-31T08:11:38","date_gmt":"2022-01-31T08:11:38","guid":{"rendered":"https:\/\/kijow.pan.pl\/?page_id=1024"},"modified":"2022-02-01T13:14:44","modified_gmt":"2022-02-01T13:14:44","slug":"przydatne-linki","status":"publish","type":"page","link":"https:\/\/kijow.pan.pl\/?page_id=1024","title":{"rendered":"Przydatne linki"},"content":{"rendered":"\n<ul><li><strong>ACADEMIA<\/strong> \u2013 czasopismo popularnonaukowe Polskiej Akademii Nauk promuj\u0105ce w kraju i za granic\u0105 osi\u0105gni\u0119cia polskich badaczy.<\/li><\/ul>\n\n\n\n<p>PL &#8211; <a href=\"https:\/\/journals.pan.pl\/academiaPAN\">https:\/\/journals.pan.pl\/academiaPAN<\/a><\/p>\n\n\n\n<p>ENG &#8211; <a href=\"https:\/\/journals.pan.pl\/academiaPAS\">https:\/\/journals.pan.pl\/academiaPAS<\/a><\/p>\n\n\n\n<ul><li><strong>Nauka w Polsce<\/strong> &#8211; portal internetowy po\u015bwi\u0119cony kwestiom szkolnictwa wy\u017cszego, nauki i bada\u0144 naukowych.<\/li><\/ul>\n\n\n\n<p><a href=\"https:\/\/naukawpolsce.pl\/\">https:\/\/naukawpolsce.pl\/<\/a><\/p>\n\n\n\n<ul><li><strong>Moje Stypendium<\/strong> \u2013 wyszukiwarka stypendi\u00f3w i grant\u00f3w<\/li><\/ul>\n\n\n\n<p><a href=\"https:\/\/www.mojestypendium.pl\/\">https:\/\/www.mojestypendium.pl\/<\/a><\/p>\n\n\n\n<ul><li><strong>Perspektywy <\/strong>\u2013 portal edukacyjny po\u015bwi\u0119cony kwestiom szkolnictwa i nauki<\/li><\/ul>\n\n\n\n<p><a href=\"http:\/\/perspektywy.pl\/portal\/\">http:\/\/perspektywy.pl\/portal\/<\/a><\/p>\n\n\n\n<ul><li><strong>Study in Poland<\/strong> \u2013 strona po\u015bwi\u0119cona mo\u017cliwo\u015bciom podj\u0119cia studi\u00f3w w Polsce.<\/li><\/ul>\n\n\n\n<p><a href=\"http:\/\/www.studyinpoland.pl\/en\/\">http:\/\/www.studyinpoland.pl\/en\/<\/a><\/p>\n","protected":false},"excerpt":{"rendered":"<p>ACADEMIA \u2013 czasopismo popularnonaukowe Polskiej Akademii Nauk promuj\u0105ce w kraju i za granic\u0105 osi\u0105gni\u0119cia polskich badaczy. PL &#8211; https:\/\/journals.pan.pl\/academiaPAN ENG &#8211; https:\/\/journals.pan.pl\/academiaPAS Nauka w Polsce &#8211; portal internetowy po\u015bwi\u0119cony kwestiom &#8230;<\/p>\n","protected":false},"author":1,"featured_media":0,"parent":0,"menu_order":0,"comment_status":"closed","ping_status":"closed","template":"","meta":[],"_links":{"self":[{"href":"https:\/\/kijow.pan.pl\/index.php?rest_route=\/wp\/v2\/pages\/1024"}],"collection":[{"href":"https:\/\/kijow.pan.pl\/index.php?rest_route=\/wp\/v2\/pages"}],"about":[{"href":"https:\/\/kijow.pan.pl\/index.php?rest_route=\/wp\/v2\/types\/page"}],"author":[{"embeddable":true,"href":"https:\/\/kijow.pan.pl\/index.php?rest_route=\/wp\/v2\/users\/1"}],"replies":[{"embeddable":true,"href":"https:\/\/kijow.pan.pl\/index.php?rest_route=%2Fwp%2Fv2%2Fcomments&post=1024"}],"version-history":[{"count":3,"href":"https:\/\/kijow.pan.pl\/index.php?rest_route=\/wp\/v2\/pages\/1024\/revisions"}],"predecessor-version":[{"id":1059,"href":"https:\/\/kijow.pan.pl\/index.php?rest_route=\/wp\/v2\/pages\/1024\/revisions\/1059"}],"wp:attachment":[{"href":"https:\/\/kijow.pan.pl\/index.php?rest_route=%2Fwp%2Fv2%2Fmedia&parent=1024"}],"curies":[{"name":"wp","href":"https:\/\/api.w.org\/{rel}","templated":true}]}}