{"id":51,"date":"2020-05-27T05:57:39","date_gmt":"2020-05-27T05:57:39","guid":{"rendered":"http:\/\/new.kijow.pan.pl\/?page_id=51"},"modified":"2020-07-01T11:45:44","modified_gmt":"2020-07-01T11:45:44","slug":"pan-w-kijowie","status":"publish","type":"page","link":"https:\/\/kijow.pan.pl\/?page_id=51","title":{"rendered":"Przedstawicielstwo PAN w Kijowie"},"content":{"rendered":"\n<p><strong>MISJA PRZEDSTAWICIELSTWA<\/strong><\/p>\n\n\n\n<p>Misj\u0105 Przedstawicielstwa jest popularyzacja osi\u0105gni\u0119\u0107 polskiej nauki oraz nawi\u0105zywanie, utrzymywanie i rozwijanie wsp\u00f3\u0142pracy naukowej i naukowo-technicznej mi\u0119dzy Rzecz\u0105pospolit\u0105 Polsk\u0105 a Ukrain\u0105 we wsp\u00f3\u0142pracy w tym zakresie z Ambasad\u0105 RP w Kijowie oraz organizacjami naukowymi, wy\u017cszej o\u015bwiaty i pozarz\u0105dowymi na Ukrainie.<\/p>\n\n\n\n<p><strong>ZADANIA PRZEDSTAWICIELSTWA<\/strong><\/p>\n\n\n\n<p>Przedmiotem dzia\u0142ania Przedstawicielstwa PAN w Kijowie jest:<\/p>\n\n\n\n<ul><li>Popularyzowanie osi\u0105gni\u0119\u0107 nauki polskiej na Ukrainie<\/li><li>Organizowanie konferencji, odczyt\u00f3w, seminari\u00f3w, wystaw oraz innych imprez naukowych,<\/li><li>Organizowanie kontakt\u00f3w polskich i ukrai\u0144skich plac\u00f3wek naukowych oraz kontakt\u00f3w polskich pracownik\u00f3w naukowych przybywaj\u0105cych na Ukrain\u0119 z ukrai\u0144skimi instytucjami naukowymi,<\/li><li>Udzielanie pomocy ukrai\u0144skim pracownikom naukowym w kontaktach z polskimi instytucjami i pracownikami naukowymi;<\/li><li>Wspieranie i wydawanie biuletyn\u00f3w naukowych&nbsp;oraz innych publikacji naukowych wynikaj\u0105cych z programu dzia\u0142alno\u015bci Stacji;<\/li><li>Inne dzia\u0142ania o charakterze przygotowawczym i pomocniczym.<\/li><\/ul>\n\n\n\n<p>Przedstawicielstwo PAN bierze udzia\u0142 w realizacji porozumie\u0144 o wsp\u00f3\u0142pracy mi\u0119dzy Polsk\u0105 Akademi\u0105 Nauk, innymi polskimi instytucjami naukowymi a ukrai\u0144skimi instytucjami naukowymi, a tak\u017ce opiniuje projekty dotycz\u0105ce nawi\u0105zania takiej wsp\u00f3\u0142pracy.<\/p>\n","protected":false},"excerpt":{"rendered":"<p>MISJA PRZEDSTAWICIELSTWA Misj\u0105 Przedstawicielstwa jest popularyzacja osi\u0105gni\u0119\u0107 polskiej nauki oraz nawi\u0105zywanie, utrzymywanie i rozwijanie wsp\u00f3\u0142pracy naukowej i naukowo-technicznej mi\u0119dzy Rzecz\u0105pospolit\u0105 Polsk\u0105 a Ukrain\u0105 we wsp\u00f3\u0142pracy w tym zakresie z Ambasad\u0105 &#8230;<\/p>\n","protected":false},"author":2,"featured_media":0,"parent":0,"menu_order":0,"comment_status":"closed","ping_status":"closed","template":"","meta":[],"_links":{"self":[{"href":"https:\/\/kijow.pan.pl\/index.php?rest_route=\/wp\/v2\/pages\/51"}],"collection":[{"href":"https:\/\/kijow.pan.pl\/index.php?rest_route=\/wp\/v2\/pages"}],"about":[{"href":"https:\/\/kijow.pan.pl\/index.php?rest_route=\/wp\/v2\/types\/page"}],"author":[{"embeddable":true,"href":"https:\/\/kijow.pan.pl\/index.php?rest_route=\/wp\/v2\/users\/2"}],"replies":[{"embeddable":true,"href":"https:\/\/kijow.pan.pl\/index.php?rest_route=%2Fwp%2Fv2%2Fcomments&post=51"}],"version-history":[{"count":4,"href":"https:\/\/kijow.pan.pl\/index.php?rest_route=\/wp\/v2\/pages\/51\/revisions"}],"predecessor-version":[{"id":245,"href":"https:\/\/kijow.pan.pl\/index.php?rest_route=\/wp\/v2\/pages\/51\/revisions\/245"}],"wp:attachment":[{"href":"https:\/\/kijow.pan.pl\/index.php?rest_route=%2Fwp%2Fv2%2Fmedia&parent=51"}],"curies":[{"name":"wp","href":"https:\/\/api.w.org\/{rel}","templated":true}]}}